{"id":101,"date":"2024-07-18T15:39:17","date_gmt":"2024-07-18T19:39:17","guid":{"rendered":"https:\/\/renosrevees.ca\/?page_id=101"},"modified":"2024-07-27T21:03:52","modified_gmt":"2024-07-28T01:03:52","slug":"demande-de-devis-pro","status":"publish","type":"page","link":"https:\/\/renosrevees.ca\/fr\/nous-contacter\/demande-de-devis-pro\/","title":{"rendered":"Demande de devis (pro)"},"content":{"rendered":"","protected":false},"excerpt":{"rendered":"","protected":false},"author":1,"featured_media":0,"parent":95,"menu_order":0,"comment_status":"closed","ping_status":"closed","template":"","meta":{"_acf_changed":false,"footnotes":""},"class_list":["post-101","page","type-page","status-publish","hentry"],"acf":[],"yoast_head":"<!-- This site is optimized with the Yoast SEO plugin v27.3 - https:\/\/yoast.com\/product\/yoast-seo-wordpress\/ -->\n<title>Demande de devis (pro) - R\u00e9nos R\u00eav\u00e9es<\/title>\n<meta name=\"robots\" content=\"noindex, follow, max-snippet:-1, max-image-preview:large, max-video-preview:-1\" \/>\n<meta property=\"og:locale\" content=\"fr_FR\" \/>\n<meta property=\"og:type\" content=\"article\" \/>\n<meta property=\"og:title\" content=\"Demande de devis (pro) - R\u00e9nos R\u00eav\u00e9es\" \/>\n<meta property=\"og:url\" content=\"https:\/\/renosrevees.ca\/fr\/nous-contacter\/demande-de-devis-pro\/\" \/>\n<meta property=\"og:site_name\" content=\"R\u00e9nos R\u00eav\u00e9es\" \/>\n<meta property=\"article:modified_time\" content=\"2024-07-28T01:03:52+00:00\" \/>\n<meta name=\"twitter:card\" content=\"summary_large_image\" \/>\n<script type=\"application\/ld+json\" class=\"yoast-schema-graph\">{\"@context\":\"https:\\\/\\\/schema.org\",\"@graph\":[{\"@type\":\"WebPage\",\"@id\":\"https:\\\/\\\/renosrevees.ca\\\/fr\\\/nous-contacter\\\/demande-de-devis-pro\\\/\",\"url\":\"https:\\\/\\\/renosrevees.ca\\\/fr\\\/nous-contacter\\\/demande-de-devis-pro\\\/\",\"name\":\"Demande de devis (pro) - R\u00e9nos R\u00eav\u00e9es\",\"isPartOf\":{\"@id\":\"https:\\\/\\\/renosrevees.ca\\\/fr\\\/#website\"},\"datePublished\":\"2024-07-18T19:39:17+00:00\",\"dateModified\":\"2024-07-28T01:03:52+00:00\",\"breadcrumb\":{\"@id\":\"https:\\\/\\\/renosrevees.ca\\\/fr\\\/nous-contacter\\\/demande-de-devis-pro\\\/#breadcrumb\"},\"inLanguage\":\"fr-FR\",\"potentialAction\":[{\"@type\":\"ReadAction\",\"target\":[\"https:\\\/\\\/renosrevees.ca\\\/fr\\\/nous-contacter\\\/demande-de-devis-pro\\\/\"]}]},{\"@type\":\"BreadcrumbList\",\"@id\":\"https:\\\/\\\/renosrevees.ca\\\/fr\\\/nous-contacter\\\/demande-de-devis-pro\\\/#breadcrumb\",\"itemListElement\":[{\"@type\":\"ListItem\",\"position\":1,\"name\":\"Home\",\"item\":\"https:\\\/\\\/renosrevees.ca\\\/fr\\\/\"},{\"@type\":\"ListItem\",\"position\":2,\"name\":\"Nous Contacter\",\"item\":\"https:\\\/\\\/renosrevees.ca\\\/fr\\\/nous-contacter\\\/\"},{\"@type\":\"ListItem\",\"position\":3,\"name\":\"Demande de devis (pro)\"}]},{\"@type\":\"WebSite\",\"@id\":\"https:\\\/\\\/renosrevees.ca\\\/fr\\\/#website\",\"url\":\"https:\\\/\\\/renosrevees.ca\\\/fr\\\/\",\"name\":\"R\u00e9nos R\u00eav\u00e9es\",\"description\":\"\",\"potentialAction\":[{\"@type\":\"SearchAction\",\"target\":{\"@type\":\"EntryPoint\",\"urlTemplate\":\"https:\\\/\\\/renosrevees.ca\\\/fr\\\/?s={search_term_string}\"},\"query-input\":{\"@type\":\"PropertyValueSpecification\",\"valueRequired\":true,\"valueName\":\"search_term_string\"}}],\"inLanguage\":\"fr-FR\"}]}<\/script>\n<!-- \/ Yoast SEO plugin. -->","yoast_head_json":{"title":"Demande de devis (pro) - R\u00e9nos R\u00eav\u00e9es","robots":{"index":"noindex","follow":"follow","max-snippet":"max-snippet:-1","max-image-preview":"max-image-preview:large","max-video-preview":"max-video-preview:-1"},"og_locale":"fr_FR","og_type":"article","og_title":"Demande de devis (pro) - R\u00e9nos R\u00eav\u00e9es","og_url":"https:\/\/renosrevees.ca\/fr\/nous-contacter\/demande-de-devis-pro\/","og_site_name":"R\u00e9nos R\u00eav\u00e9es","article_modified_time":"2024-07-28T01:03:52+00:00","twitter_card":"summary_large_image","schema":{"@context":"https:\/\/schema.org","@graph":[{"@type":"WebPage","@id":"https:\/\/renosrevees.ca\/fr\/nous-contacter\/demande-de-devis-pro\/","url":"https:\/\/renosrevees.ca\/fr\/nous-contacter\/demande-de-devis-pro\/","name":"Demande de devis (pro) - R\u00e9nos R\u00eav\u00e9es","isPartOf":{"@id":"https:\/\/renosrevees.ca\/fr\/#website"},"datePublished":"2024-07-18T19:39:17+00:00","dateModified":"2024-07-28T01:03:52+00:00","breadcrumb":{"@id":"https:\/\/renosrevees.ca\/fr\/nous-contacter\/demande-de-devis-pro\/#breadcrumb"},"inLanguage":"fr-FR","potentialAction":[{"@type":"ReadAction","target":["https:\/\/renosrevees.ca\/fr\/nous-contacter\/demande-de-devis-pro\/"]}]},{"@type":"BreadcrumbList","@id":"https:\/\/renosrevees.ca\/fr\/nous-contacter\/demande-de-devis-pro\/#breadcrumb","itemListElement":[{"@type":"ListItem","position":1,"name":"Home","item":"https:\/\/renosrevees.ca\/fr\/"},{"@type":"ListItem","position":2,"name":"Nous Contacter","item":"https:\/\/renosrevees.ca\/fr\/nous-contacter\/"},{"@type":"ListItem","position":3,"name":"Demande de devis (pro)"}]},{"@type":"WebSite","@id":"https:\/\/renosrevees.ca\/fr\/#website","url":"https:\/\/renosrevees.ca\/fr\/","name":"R\u00e9nos R\u00eav\u00e9es","description":"","potentialAction":[{"@type":"SearchAction","target":{"@type":"EntryPoint","urlTemplate":"https:\/\/renosrevees.ca\/fr\/?s={search_term_string}"},"query-input":{"@type":"PropertyValueSpecification","valueRequired":true,"valueName":"search_term_string"}}],"inLanguage":"fr-FR"}]}},"_links":{"self":[{"href":"https:\/\/renosrevees.ca\/fr\/wp-json\/wp\/v2\/pages\/101","targetHints":{"allow":["GET"]}}],"collection":[{"href":"https:\/\/renosrevees.ca\/fr\/wp-json\/wp\/v2\/pages"}],"about":[{"href":"https:\/\/renosrevees.ca\/fr\/wp-json\/wp\/v2\/types\/page"}],"author":[{"embeddable":true,"href":"https:\/\/renosrevees.ca\/fr\/wp-json\/wp\/v2\/users\/1"}],"replies":[{"embeddable":true,"href":"https:\/\/renosrevees.ca\/fr\/wp-json\/wp\/v2\/comments?post=101"}],"version-history":[{"count":1,"href":"https:\/\/renosrevees.ca\/fr\/wp-json\/wp\/v2\/pages\/101\/revisions"}],"predecessor-version":[{"id":102,"href":"https:\/\/renosrevees.ca\/fr\/wp-json\/wp\/v2\/pages\/101\/revisions\/102"}],"up":[{"embeddable":true,"href":"https:\/\/renosrevees.ca\/fr\/wp-json\/wp\/v2\/pages\/95"}],"wp:attachment":[{"href":"https:\/\/renosrevees.ca\/fr\/wp-json\/wp\/v2\/media?parent=101"}],"curies":[{"name":"wp","href":"https:\/\/api.w.org\/{rel}","templated":true}]}}