{"id":86,"date":"2024-06-04T23:36:35","date_gmt":"2024-06-05T03:36:35","guid":{"rendered":"https:\/\/renosrevees.ca\/a-propos\/"},"modified":"2024-07-27T15:34:46","modified_gmt":"2024-07-27T19:34:46","slug":"about-us","status":"publish","type":"page","link":"https:\/\/renosrevees.ca\/fr\/about-us\/","title":{"rendered":"\u00c0 propos"},"content":{"rendered":"","protected":false},"excerpt":{"rendered":"","protected":false},"author":1,"featured_media":0,"parent":0,"menu_order":0,"comment_status":"closed","ping_status":"closed","template":"","meta":{"_acf_changed":false,"footnotes":""},"class_list":["post-86","page","type-page","status-publish","hentry"],"acf":[],"yoast_head":"<!-- This site is optimized with the Yoast SEO plugin v27.3 - https:\/\/yoast.com\/product\/yoast-seo-wordpress\/ -->\n<title>\u00c0 propos - R\u00e9nos R\u00eav\u00e9es<\/title>\n<meta name=\"robots\" content=\"noindex, follow, max-snippet:-1, max-image-preview:large, max-video-preview:-1\" \/>\n<meta property=\"og:locale\" content=\"fr_FR\" \/>\n<meta property=\"og:type\" content=\"article\" \/>\n<meta property=\"og:title\" content=\"\u00c0 propos - R\u00e9nos R\u00eav\u00e9es\" \/>\n<meta property=\"og:url\" content=\"https:\/\/renosrevees.ca\/fr\/about-us\/\" \/>\n<meta property=\"og:site_name\" content=\"R\u00e9nos R\u00eav\u00e9es\" \/>\n<meta property=\"article:modified_time\" content=\"2024-07-27T19:34:46+00:00\" \/>\n<meta name=\"twitter:card\" content=\"summary_large_image\" \/>\n<meta name=\"twitter:label1\" content=\"Dur\u00e9e de lecture estim\u00e9e\" \/>\n\t<meta name=\"twitter:data1\" content=\"2 minutes\" \/>\n<script type=\"application\/ld+json\" class=\"yoast-schema-graph\">{\"@context\":\"https:\\\/\\\/schema.org\",\"@graph\":[{\"@type\":\"WebPage\",\"@id\":\"https:\\\/\\\/renosrevees.ca\\\/fr\\\/about-us\\\/\",\"url\":\"https:\\\/\\\/renosrevees.ca\\\/fr\\\/about-us\\\/\",\"name\":\"\u00c0 propos - R\u00e9nos R\u00eav\u00e9es\",\"isPartOf\":{\"@id\":\"https:\\\/\\\/renosrevees.ca\\\/fr\\\/#website\"},\"datePublished\":\"2024-06-05T03:36:35+00:00\",\"dateModified\":\"2024-07-27T19:34:46+00:00\",\"breadcrumb\":{\"@id\":\"https:\\\/\\\/renosrevees.ca\\\/fr\\\/about-us\\\/#breadcrumb\"},\"inLanguage\":\"fr-FR\",\"potentialAction\":[{\"@type\":\"ReadAction\",\"target\":[\"https:\\\/\\\/renosrevees.ca\\\/fr\\\/about-us\\\/\"]}]},{\"@type\":\"BreadcrumbList\",\"@id\":\"https:\\\/\\\/renosrevees.ca\\\/fr\\\/about-us\\\/#breadcrumb\",\"itemListElement\":[{\"@type\":\"ListItem\",\"position\":1,\"name\":\"Home\",\"item\":\"https:\\\/\\\/renosrevees.ca\\\/fr\\\/\"},{\"@type\":\"ListItem\",\"position\":2,\"name\":\"\u00c0 propos\"}]},{\"@type\":\"WebSite\",\"@id\":\"https:\\\/\\\/renosrevees.ca\\\/fr\\\/#website\",\"url\":\"https:\\\/\\\/renosrevees.ca\\\/fr\\\/\",\"name\":\"R\u00e9nos R\u00eav\u00e9es\",\"description\":\"\",\"potentialAction\":[{\"@type\":\"SearchAction\",\"target\":{\"@type\":\"EntryPoint\",\"urlTemplate\":\"https:\\\/\\\/renosrevees.ca\\\/fr\\\/?s={search_term_string}\"},\"query-input\":{\"@type\":\"PropertyValueSpecification\",\"valueRequired\":true,\"valueName\":\"search_term_string\"}}],\"inLanguage\":\"fr-FR\"}]}<\/script>\n<!-- \/ Yoast SEO plugin. -->","yoast_head_json":{"title":"\u00c0 propos - R\u00e9nos R\u00eav\u00e9es","robots":{"index":"noindex","follow":"follow","max-snippet":"max-snippet:-1","max-image-preview":"max-image-preview:large","max-video-preview":"max-video-preview:-1"},"og_locale":"fr_FR","og_type":"article","og_title":"\u00c0 propos - R\u00e9nos R\u00eav\u00e9es","og_url":"https:\/\/renosrevees.ca\/fr\/about-us\/","og_site_name":"R\u00e9nos R\u00eav\u00e9es","article_modified_time":"2024-07-27T19:34:46+00:00","twitter_card":"summary_large_image","twitter_misc":{"Dur\u00e9e de lecture estim\u00e9e":"2 minutes"},"schema":{"@context":"https:\/\/schema.org","@graph":[{"@type":"WebPage","@id":"https:\/\/renosrevees.ca\/fr\/about-us\/","url":"https:\/\/renosrevees.ca\/fr\/about-us\/","name":"\u00c0 propos - R\u00e9nos R\u00eav\u00e9es","isPartOf":{"@id":"https:\/\/renosrevees.ca\/fr\/#website"},"datePublished":"2024-06-05T03:36:35+00:00","dateModified":"2024-07-27T19:34:46+00:00","breadcrumb":{"@id":"https:\/\/renosrevees.ca\/fr\/about-us\/#breadcrumb"},"inLanguage":"fr-FR","potentialAction":[{"@type":"ReadAction","target":["https:\/\/renosrevees.ca\/fr\/about-us\/"]}]},{"@type":"BreadcrumbList","@id":"https:\/\/renosrevees.ca\/fr\/about-us\/#breadcrumb","itemListElement":[{"@type":"ListItem","position":1,"name":"Home","item":"https:\/\/renosrevees.ca\/fr\/"},{"@type":"ListItem","position":2,"name":"\u00c0 propos"}]},{"@type":"WebSite","@id":"https:\/\/renosrevees.ca\/fr\/#website","url":"https:\/\/renosrevees.ca\/fr\/","name":"R\u00e9nos R\u00eav\u00e9es","description":"","potentialAction":[{"@type":"SearchAction","target":{"@type":"EntryPoint","urlTemplate":"https:\/\/renosrevees.ca\/fr\/?s={search_term_string}"},"query-input":{"@type":"PropertyValueSpecification","valueRequired":true,"valueName":"search_term_string"}}],"inLanguage":"fr-FR"}]}},"_links":{"self":[{"href":"https:\/\/renosrevees.ca\/fr\/wp-json\/wp\/v2\/pages\/86","targetHints":{"allow":["GET"]}}],"collection":[{"href":"https:\/\/renosrevees.ca\/fr\/wp-json\/wp\/v2\/pages"}],"about":[{"href":"https:\/\/renosrevees.ca\/fr\/wp-json\/wp\/v2\/types\/page"}],"author":[{"embeddable":true,"href":"https:\/\/renosrevees.ca\/fr\/wp-json\/wp\/v2\/users\/1"}],"replies":[{"embeddable":true,"href":"https:\/\/renosrevees.ca\/fr\/wp-json\/wp\/v2\/comments?post=86"}],"version-history":[{"count":2,"href":"https:\/\/renosrevees.ca\/fr\/wp-json\/wp\/v2\/pages\/86\/revisions"}],"predecessor-version":[{"id":89,"href":"https:\/\/renosrevees.ca\/fr\/wp-json\/wp\/v2\/pages\/86\/revisions\/89"}],"wp:attachment":[{"href":"https:\/\/renosrevees.ca\/fr\/wp-json\/wp\/v2\/media?parent=86"}],"curies":[{"name":"wp","href":"https:\/\/api.w.org\/{rel}","templated":true}]}}